{"id":701,"date":"2011-02-17T15:08:38","date_gmt":"2011-02-17T14:08:38","guid":{"rendered":"http:\/\/www.confagricolturasalerno.it\/?page_id=701"},"modified":"2011-02-17T15:08:38","modified_gmt":"2011-02-17T14:08:38","slug":"convegno-26-febbraio-2011-3","status":"publish","type":"page","link":"https:\/\/confagricolturasalerno.it\/?page_id=701","title":{"rendered":"CONVEGNO 26 febbraio 2011"},"content":{"rendered":"<p style=\"text-align: justify;\"><a href=\"https:\/\/confagricolturasalerno.it\/wp-content\/uploads\/2011\/02\/convegno-26-febbraio-20111.bmp\"><img loading=\"lazy\" class=\"alignleft size-full wp-image-704\" title=\"convegno 26 febbraio 2011\" src=\"https:\/\/confagricolturasalerno.it\/wp-content\/uploads\/2011\/02\/convegno-26-febbraio-20111.bmp\" alt=\"\" width=\"291\" height=\"445\" srcset=\"https:\/\/confagricolturasalerno.it\/wp-content\/uploads\/2011\/02\/convegno-26-febbraio-20111.bmp 485w, https:\/\/confagricolturasalerno.it\/wp-content\/uploads\/2011\/02\/convegno-26-febbraio-20111-196x300.bmp 196w\" sizes=\"(max-width: 291px) 100vw, 291px\" \/><\/a>Intervenendo nel corso del convegno organizzato dall&#8217;Ente Camerale e da Confagricoltura Salerno dal tema &#8220;Sviluppo agricolo, Politiche attive per il lavoro e Immigrazione&#8221; che si \u00e8 tenuto lo scorso 26 febbraio 2011 alla Camera di Commercio di Salerno, Severino Nappi, l&#8217;assessore regionale al Lavoro, Formazione e Orientamento Professionale, Politiche dell&#8217;emigrazione e dell&#8217;immigrazione, ha dichiarato: &#8220;La politica deve capire che da sola non si fa nulla. Dobbiamo operare tutti quanti insieme affinch\u00e9 si intensifichino gli strumenti utili per il nostro tessuto produttivo. Ben vengano i grandi comparti produttivi che vogliono investire nel Sud, ma non dobbiamo tralasciare le piccole imprese, che sono \u2013 poi &#8211; le nostre imprese&#8221;.<\/p>\n<p>&#8220;Stiamo puntando \u2013 aggiunge Nappi \u2013 soprattutto all&#8217;occupazione giovanile e all&#8217;apprendistato e il nostro vuole essere un operato fattivo, coinvolgendo anche e soprattutto i giovani immigrati di seconda e terza generazione. Dal 1 maggio 2011 metteremo in contatto i centri dell&#8217;impiego e nelle prossime settimane instaureremo una fitta rete di collaborazione tra chi opera nei settori della domanda e dell&#8217;offerta al fine di agevolare il lavoro. Stiamo anche puntando all&#8217;internazionalizzazione cercando di dare vita ai &#8216;Campania Point&#8217;, al fine di fare sistema e veicolare i nostri prodotti e le nostre imprese&#8221;.<br \/>\n<img loading=\"lazy\" src=\"http:\/\/www.freshplaza.it\/images\/2011\/0301\/convegno_Salerno.jpg\" border=\"0\" alt=\"\" width=\"226\" height=\"150\" align=\"right\" \/>Di lavoro e sviluppo ha parlato anche il Consigliere Giuridico del Ministro del Lavoro e delle Politiche Sociali, Francesco Verbaro, il quale ha spiegato che: &#8220;In base all&#8217;indagine sulle forze di lavoro nel 2009, su 23.025.000 occupati in Italia, 874.000 lavorano nel settore dell&#8217;agricoltura. L&#8217;analisi dei primi tre trimestri del 2010 mostra una diminuzione dei lavoratori in generale con una buona tenuta per il settore agricolo (nel terzo trimestre 2010, 22.789.000 lavoratori in Italia di cui 904.000 in agricoltura). Il settore dell&#8217;agricoltura, dunque, \u00e8 uno di quei pochi segmenti in cui non si \u00e8 avvertito un calo dell&#8217;occupazione visto che \u2013 sempre nel 2009 \u2013 sono stati attivati complessivamente 1.243.110 rapporti di lavoro regolari in agricoltura, mentre nel primo semestre 2010 ne sono stati attivati circa 665.000&#8221;.<br \/>\n&#8220;Il Sud \u2013 secondo Paolo Russo, presidente Commissione Agricoltura della Camera dei Deputati \u2013 non ha problemi in ambito agricolo. Il vero problema sono le aziende troppo piccole, praticamente nane. Per avere successo \u2013 rimarca Russo \u2013 bisogna fare sistema. Va bene vendere a km zero, ma serve essere competitivi anche a 5.000 km da casa&#8221;.<br \/>\nAncora di Sud ha discusso, poi, Giandomenico Consalvo, componente di Giunta nazionale Confagricoltura, il quale ha sottolineato che &#8220;il settore dell&#8217;agricoltura non deve essere associato al fenomeno del lavoro nero. Anche qui da noi ci sono esempi di imprenditoria notevoli, con aziende serie che non tollerano il lavoro sommerso, anzi lo ostacolano perch\u00e9 favorisce la concorrenza sleale&#8221;.<br \/>\n&#8220;La risorsa della manodopera extracomunitaria \u2013 ha aggiunto poi Michele Pannulo, presidente Confagricoltura Campania \u2013 \u00e8 importantissima nel settore agricolo che si basa proprio sui questa forte presenza. E&#8217; necessario, per\u00f2, semplificare maggiormente questi rapporti di lavoro, visto che c&#8217;\u00e8 ancora una formalizzazione troppo rigida&#8221;.<br \/>\nDel binomio agricoltura-immigrazione ha discusso anche il presidente Confagricoltura Salerno, Rosario Rago il quale ha rimarcato che &#8220;sono proprio gli immigrati a colmare il vuoto occupazionale, lavorando in questo settore non molto amato dalla nostra manodopera locale che, invece, preferisce optare per altri settori occupazionali. Gli immigrati impiegati nelle aziende associate in provincia di Salerno sono tantissimi. Se le aziende associate a Confagricoltura Salerno assorbono circa il 60% delle giornate-lavoro agricole e impiegano circa la met\u00e0 dei 14.000 operai agricoli disponibili (parliamo sempre di lavoratori regolari) e l&#8217;incidenza della manodopera immigrata \u00e8 del 18%, allora le aziende di Confagricoltura danno lavoro a circa 2.500 persone extracomunitarie&#8221;.<br \/>\nDella differenza tra Nord e Sud Italia, infine, si \u00e8 soffermata Francesca Esposito, responsabile legislativo INPS, la quale ha ricordato l&#8217;importanza dello strumento dei vouchers. &#8220;E&#8217; emblematico notare \u2013 ha sottolineato \u2013 quanto nel Veneto, ad esempio, i vouchers abbiamo superato i due milioni, mentre in Campania siano stati solo 155.000&#8221;.<br \/>\nAll&#8217;incontro hanno partecipato anche il Segretario Generale Camera di Commercio, Raffaele De Sio; Natale Forlani, direttore generale per l&#8217;immigrazione ministero del Lavoro e Politiche Sociali che ha analizzato &#8220;La politica per l&#8217;immigrazione e l&#8217;impatto nel settore agricolo&#8221;; Giuseppe Castagna, direttore generale Banco di Napoli che ha esaminato il &#8220;Credito alle imprese, sviluppo e opportunit\u00e0 occupazionali&#8221; e, infine, Roberto Caponi, direttore Servizio Sindacale nazionale Confagricoltura che si \u00e8 soffermato sulla &#8220;Specificit\u00e0 e scenari occupazionali nello sviluppo del settore agricolo in Campania&#8221;.\ufffd<br \/>\n<a href=\"https:\/\/confagricolturasalerno.it\/wp-content\/uploads\/2011\/02\/convegno-26-febbraio-2011.bmp\"><\/a><\/p>\n","protected":false},"excerpt":{"rendered":"<p>Intervenendo nel corso del convegno organizzato dall&#8217;Ente Camerale e da Confagricoltura Salerno dal tema &#8220;Sviluppo agricolo, Politiche attive per il lavoro e Immigrazione&#8221; che si \u00e8 tenuto lo scorso 26 febbraio 2011 alla Camera di Commercio di Salerno, Severino Nappi, l&#8217;assessore regionale al Lavoro, Formazione e Orientamento Professionale, Politiche dell&#8217;emigrazione e dell&#8217;immigrazione, ha dichiarato: &#8220;La [&hellip;]<\/p>\n","protected":false},"author":1,"featured_media":0,"parent":0,"menu_order":5,"comment_status":"closed","ping_status":"closed","template":"","meta":[],"_links":{"self":[{"href":"https:\/\/confagricolturasalerno.it\/index.php?rest_route=\/wp\/v2\/pages\/701"}],"collection":[{"href":"https:\/\/confagricolturasalerno.it\/index.php?rest_route=\/wp\/v2\/pages"}],"about":[{"href":"https:\/\/confagricolturasalerno.it\/index.php?rest_route=\/wp\/v2\/types\/page"}],"author":[{"embeddable":true,"href":"https:\/\/confagricolturasalerno.it\/index.php?rest_route=\/wp\/v2\/users\/1"}],"replies":[{"embeddable":true,"href":"https:\/\/confagricolturasalerno.it\/index.php?rest_route=%2Fwp%2Fv2%2Fcomments&post=701"}],"version-history":[{"count":0,"href":"https:\/\/confagricolturasalerno.it\/index.php?rest_route=\/wp\/v2\/pages\/701\/revisions"}],"wp:attachment":[{"href":"https:\/\/confagricolturasalerno.it\/index.php?rest_route=%2Fwp%2Fv2%2Fmedia&parent=701"}],"curies":[{"name":"wp","href":"https:\/\/api.w.org\/{rel}","templated":true}]}}