{"id":176,"date":"2010-12-07T13:01:33","date_gmt":"2010-12-07T12:01:33","guid":{"rendered":"http:\/\/solange.hopto.org\/wp\/?page_id=176"},"modified":"2010-12-07T13:01:33","modified_gmt":"2010-12-07T12:01:33","slug":"sedi","status":"publish","type":"page","link":"https:\/\/confagricolturasalerno.it\/?page_id=176","title":{"rendered":"sede"},"content":{"rendered":"<p><strong>Confagricoltura Salerno<\/strong><br \/>\n<strong>Viale Verdi, 1Y <\/strong><strong>(Parco Arbostella)<\/strong><br \/>\n<strong>84131 Salerno<\/strong><br \/>\n<strong>luned\u00ec &#8211; gioved\u00ec | ore 08:30-13:00\/14:00-18:00<br \/>\nvenerd\u00ec | ore 08:30-14:00<\/strong><br \/>\n<strong>tel. 089 331729 &#8211; 335400 fax 089 3867084 &#8211; <a href=\"mailto:info@confagricolturasalerno.it\">info@confagricolturasalerno.it<\/a><\/strong><br \/>\n<strong> <\/strong><\/p>\n<h2>UFFICI PROVICIALI<\/h2>\n<p><strong>AGROPOLI<\/strong><br \/>\nVia<br \/>\nResponsabile: <strong><br \/>\ntutti\u00a0 i giorni |\u00a0ore 09:00-13:00\/14:00-18:00<\/strong><br \/>\n<strong> <\/strong><br \/>\n<strong> <\/strong><br \/>\n<strong>ANGRI<\/strong><br \/>\nC.so V.Emanuele, 115<br \/>\nResponsabile: <strong>Domenico Troiano<br \/>\n<strong>dal luned\u00ec al gioved\u00ec | ore 17:00-20:00<\/strong><\/strong><br \/>\n<strong>venerd\u00ec | ore 09:00-13:00<br \/>\ntel. 081 xxxxxxx &#8211; <a href=\"mailto:angri@confagricolturasalerno.it\">angri@confagricolturasalerno.it<\/a><\/strong><br \/>\n<strong>BATTIPAGLIA<\/strong><br \/>\nVia le Brodolini, 6\/8<br \/>\nResponsabile:<strong><br \/>\ndal luned\u00ec al venerd\u00ec | ore 8.40 &#8211; 13.00 &#8211; 14.40-18:00<br \/>\ntel. 0828 303530 &#8211; <a href=\"mailto:battipaglia@confagricolturasalerno.it\">battipaglia@confagricolturasalerno.it<\/a><\/strong><br \/>\n<strong>CAMPAGNA<\/strong><br \/>\nVia<br \/>\nResponsabile:<strong><br \/>\ngioved\u00ec | ore 16:00-19:00<\/strong><br \/>\n<strong>0828 \u00a0 \u00a0 \u00a0 \u00a0 \u00a0 \u00a0 \u00a0 \u00a0 \u00a0 &#8211; <a href=\"mailto:battipaglia@confagricolturasalerno.it\">battipaglia@confagricolturasalerno.it<\/a><\/strong><br \/>\n<strong>CONTURSI TERME<\/strong><br \/>\nVia\u00a0G. Carducci, 7<br \/>\nResponsabile:\u00a0<strong>Palma Soriero<br \/>\ntutti i giorni | ore 16:00-19:00<br \/>\ntel. 0828 991475\u00a0&#8211;\u00a0<a href=\"mailto:contursi@confagricolturasalerno.it\">contursi@confagricolturasalerno.it<\/a><\/strong><br \/>\n<strong>GIFFONI VALLE PIANA<\/strong><br \/>\nVia Russomando, 9<br \/>\nResponsabile:\u00a0<strong>Gabriella Cherubino<br \/>\nluned\u00ec, marted\u00ec,\u00a0mercoled\u00ec, venerd\u00ec | ore 17:00-20:00<br \/>\ntel. 089 866593\u00a0&#8211;\u00a0<a href=\"mailto:giffoni@confagricolturasalerno.it\">giffoni@confagricolturasalerno.it<\/a><\/strong><br \/>\n<strong>NOCERA INFERIORE<\/strong><br \/>\nVia Cicalesi, 81<br \/>\nResponsabile: <strong>dr. Domenico Oliva<\/strong><br \/>\n<strong>tutti\u00a0 i giorni |\u00a0ore 08:30-13:00\/16:00-19:00 (chiuso al pubblico il venerd\u00ec pomeriggio)<\/strong><br \/>\n<strong>tel. 0815179484 &#8211;<a href=\"mailto:nocera@confagricolturasalerno.it\">nocera@confagricolturasalerno.it<\/a><\/strong><br \/>\n<strong>POSTIGLIONE<\/strong><br \/>\nVia Terzo di Mezzo<br \/>\nResponsabile:\u00a0<strong>Maria Grazia Taglianetti<br \/>\nmercoled\u00ec | ore 16:00-19:00<br \/>\ntel.\u00a00828\u00a0211643 &#8211;\u00a0<a href=\"mailto:battipaglia@confagricolturasalerno.it\">battipaglia@confagricolturasalerno.it<\/a><\/strong><\/p>\n","protected":false},"excerpt":{"rendered":"<p>Confagricoltura Salerno Viale Verdi, 1Y (Parco Arbostella) 84131 Salerno luned\u00ec &#8211; gioved\u00ec | ore 08:30-13:00\/14:00-18:00 venerd\u00ec | ore 08:30-14:00 tel. 089 331729 &#8211; 335400 fax 089 3867084 &#8211; info@confagricolturasalerno.it UFFICI PROVICIALI AGROPOLI Via Responsabile: tutti\u00a0 i giorni |\u00a0ore 09:00-13:00\/14:00-18:00 ANGRI C.so V.Emanuele, 115 Responsabile: Domenico Troiano dal luned\u00ec al gioved\u00ec | ore 17:00-20:00 venerd\u00ec | [&hellip;]<\/p>\n","protected":false},"author":1,"featured_media":0,"parent":2228,"menu_order":30,"comment_status":"closed","ping_status":"closed","template":"","meta":[],"_links":{"self":[{"href":"https:\/\/confagricolturasalerno.it\/index.php?rest_route=\/wp\/v2\/pages\/176"}],"collection":[{"href":"https:\/\/confagricolturasalerno.it\/index.php?rest_route=\/wp\/v2\/pages"}],"about":[{"href":"https:\/\/confagricolturasalerno.it\/index.php?rest_route=\/wp\/v2\/types\/page"}],"author":[{"embeddable":true,"href":"https:\/\/confagricolturasalerno.it\/index.php?rest_route=\/wp\/v2\/users\/1"}],"replies":[{"embeddable":true,"href":"https:\/\/confagricolturasalerno.it\/index.php?rest_route=%2Fwp%2Fv2%2Fcomments&post=176"}],"version-history":[{"count":0,"href":"https:\/\/confagricolturasalerno.it\/index.php?rest_route=\/wp\/v2\/pages\/176\/revisions"}],"up":[{"embeddable":true,"href":"https:\/\/confagricolturasalerno.it\/index.php?rest_route=\/wp\/v2\/pages\/2228"}],"wp:attachment":[{"href":"https:\/\/confagricolturasalerno.it\/index.php?rest_route=%2Fwp%2Fv2%2Fmedia&parent=176"}],"curies":[{"name":"wp","href":"https:\/\/api.w.org\/{rel}","templated":true}]}}