{"id":164,"date":"2010-12-06T13:23:25","date_gmt":"2010-12-06T12:23:25","guid":{"rendered":"http:\/\/solange.hopto.org\/wp\/?page_id=164"},"modified":"2010-12-06T13:23:25","modified_gmt":"2010-12-06T12:23:25","slug":"patronato-enapa-caaf","status":"publish","type":"page","link":"https:\/\/confagricolturasalerno.it\/?page_id=164","title":{"rendered":"C.A.A.F."},"content":{"rendered":"<p>Il <a title=\"caf confagricoltura\" href=\"http:\/\/www.cafconfagricoltura.it\" target=\"_blank\"><strong>Centro Autorizzato di Assistenza Fiscale<\/strong> <\/a>opera sull&#8217;intero territorio nazionale tramite apposite societ\u00e0 di servizi costituite in sede provinciale dalle organizzazioni periferiche della Confagricoltura.<br \/>\nI <strong>servizi offerti<\/strong> al cittadino dal nostro C.A.A.F. sono:<br \/>\n<strong>ISE &#8211; ISEE<\/strong>: \u00e8 una dichiarazione sostitutiva unica, con validit\u00e0 annuale necessaria per la richiesta di prestazioni sociali agevolate o per l&#8217;accesso a servizi di pubblica utilit\u00e0.<br \/>\nAssistenza per le\u00a0<strong>prestazioni sociali agevolate<\/strong> relative a:<br \/>\nassegno per il nucleo familiare con tre figli minori;<br \/>\nassegno di maternit\u00e0;<br \/>\nasili nido,\u00a0 mense\u00a0e \u00a0prestazioni scolastiche, borse di studio;<br \/>\nagevolazioni universitarie;<br \/>\nagevolazioni per servizi di pubblica utilit\u00e0 (telefono, luce, gas);<br \/>\nservizi socio sanitari.<br \/>\n<strong>RED<\/strong>: \u00e8 una dichiarazione destinata a tutti i soggetti titolari di pensioni gestite dall&#8217;INPS. Gli interessati alla verifica dei dati ricevono dall&#8217;INPS il mod. RED che dovr\u00e0 essere presentato al C.A.F. con le dichiarazioni dei redditi degli anni richiesti nel mod.Cert.Red.<br \/>\n<strong>730<\/strong>: \u00e8 il modello per la presentazione della dichiarazione dei redditi rivolto ai contribuenti dipendenti e pensionati.<br \/>\nSi compila con maggiore semplicit\u00e0 e minore quantit\u00e0 di dati; il controllo della regolarit\u00e0 della dichiarazione e la responsabilit\u00e0 per eventuali errori di calcolo non sono del contribuente ma del C.A.F.<br \/>\nPresentando il 730 al C.A.F. il contribuente ha assolto ogni obbligo, ed un eventuale credito o debito risultante dal mod.730 verr\u00e0 rimborsato o trattenuto direttamente dal sostituto d&#8217;imposta (datore di lavoro o ente pensionistico). Il 730 va presentato al C.A.F. tra il 1\u00b0 aprile ed il 31 maggio di ogni anno.<br \/>\n<strong>UNICO<\/strong>: \u00e8 il modello per la presentazione della dichiarazione dei redditi rivolto a tutti i contribuenti (ad eccezione dei titolari di redditi d&#8217;impresa o professionali). Anche per la compilazione e l&#8217;invio telematico del mod. Unico ci si potr\u00e0 avvalere del C.A.F. I pagamenti dovranno essere effettuati direttamente dal contribuente tramite mod. f24.<br \/>\n<strong>ICI<\/strong>: il contribuente per il calcolo dei bollettini dovr\u00e0 fornire le rendite catastali dei fabbricati.<br \/>\nReferente:<br \/>\n<strong>Francesco Ianigro<\/strong><br \/>\ntel. 089 331729 ( codice 3 )<\/p>\n","protected":false},"excerpt":{"rendered":"<p>Il Centro Autorizzato di Assistenza Fiscale opera sull&#8217;intero territorio nazionale tramite apposite societ\u00e0 di servizi costituite in sede provinciale dalle organizzazioni periferiche della Confagricoltura. I servizi offerti al cittadino dal nostro C.A.A.F. sono: ISE &#8211; ISEE: \u00e8 una dichiarazione sostitutiva unica, con validit\u00e0 annuale necessaria per la richiesta di prestazioni sociali agevolate o per l&#8217;accesso [&hellip;]<\/p>\n","protected":false},"author":1,"featured_media":0,"parent":20,"menu_order":50,"comment_status":"closed","ping_status":"closed","template":"","meta":[],"_links":{"self":[{"href":"https:\/\/confagricolturasalerno.it\/index.php?rest_route=\/wp\/v2\/pages\/164"}],"collection":[{"href":"https:\/\/confagricolturasalerno.it\/index.php?rest_route=\/wp\/v2\/pages"}],"about":[{"href":"https:\/\/confagricolturasalerno.it\/index.php?rest_route=\/wp\/v2\/types\/page"}],"author":[{"embeddable":true,"href":"https:\/\/confagricolturasalerno.it\/index.php?rest_route=\/wp\/v2\/users\/1"}],"replies":[{"embeddable":true,"href":"https:\/\/confagricolturasalerno.it\/index.php?rest_route=%2Fwp%2Fv2%2Fcomments&post=164"}],"version-history":[{"count":0,"href":"https:\/\/confagricolturasalerno.it\/index.php?rest_route=\/wp\/v2\/pages\/164\/revisions"}],"up":[{"embeddable":true,"href":"https:\/\/confagricolturasalerno.it\/index.php?rest_route=\/wp\/v2\/pages\/20"}],"wp:attachment":[{"href":"https:\/\/confagricolturasalerno.it\/index.php?rest_route=%2Fwp%2Fv2%2Fmedia&parent=164"}],"curies":[{"name":"wp","href":"https:\/\/api.w.org\/{rel}","templated":true}]}}