{"id":160,"date":"2010-12-06T13:21:27","date_gmt":"2010-12-06T12:21:27","guid":{"rendered":"http:\/\/solange.hopto.org\/wp\/?page_id=160"},"modified":"2010-12-06T13:21:27","modified_gmt":"2010-12-06T12:21:27","slug":"servizio-tributario-e-fiscale","status":"publish","type":"page","link":"https:\/\/confagricolturasalerno.it\/?page_id=160","title":{"rendered":"servizio tributario e fiscale"},"content":{"rendered":"<p>Confagricoltura Salerno si occupa, attraverso le proprie strutture, di fornire <strong>assistenza e consulenza<\/strong> alle aziende associate.<br \/>\n<strong>GESTIONE CONTABILE E FISCALE<\/strong><br \/>\n&#8211; tenuta contabilit\u00e0 IVA normale e semplificata e attivit\u00e0 secondarie<br \/>\n&#8211; inizio attivit\u00e0 IVA, cessazioni, variazioni<br \/>\n&#8211; inizio attivit\u00e0 Registro Imprese, cessazioni, variazioni e rilascio visure e certificati camerali attraverso la procedura COMUNICA<br \/>\n&#8211; compilazione ed elaborazione modello Unico<br \/>\n&#8211; pagamenti telematici F24<br \/>\n&#8211; consulenza e informazione periodica su tutte le novit\u00e0 relative al mondo della fiscalit\u00e0 agricola<br \/>\nReferente:<br \/>\n<strong>Francesco Ianigro<\/strong><br \/>\ntel. 089 331729 ( codice 3 )<br \/>\n<strong>GESTIONE DEL PERSONALE<\/strong><br \/>\n&#8211; servizio di tenuta delle buste paga di operai e impiegati agricoli (assunzioni, licenziamenti, cedolino paga, denunce periodiche telematiche, pagamento telematico F24)<br \/>\n&#8211; consulenza contrattuale sulla gestione del personale e informazione periodica<br \/>\n&#8211; apertura posizione INPS (Denuncia Aziendale) tramite invio telematico<br \/>\n&#8211; gestione completa delle comunicazioni con gli enti pubblici (INAIL, INPS)<br \/>\n&#8211; gestione telematica delle pratiche di richiamo per operai extracomunitari<br \/>\n&#8211; elaborazione e presentazione modello 770<br \/>\nReferenti:<br \/>\n<strong>Daniela Carucci<\/strong><br \/>\n<strong>Elisabetta Carucci<\/strong><br \/>\ntel. 089 331729 ( codice 4 )<\/p>\n","protected":false},"excerpt":{"rendered":"<p>Confagricoltura Salerno si occupa, attraverso le proprie strutture, di fornire assistenza e consulenza alle aziende associate. GESTIONE CONTABILE E FISCALE &#8211; tenuta contabilit\u00e0 IVA normale e semplificata e attivit\u00e0 secondarie &#8211; inizio attivit\u00e0 IVA, cessazioni, variazioni &#8211; inizio attivit\u00e0 Registro Imprese, cessazioni, variazioni e rilascio visure e certificati camerali attraverso la procedura COMUNICA &#8211; compilazione [&hellip;]<\/p>\n","protected":false},"author":1,"featured_media":0,"parent":20,"menu_order":30,"comment_status":"closed","ping_status":"closed","template":"","meta":[],"_links":{"self":[{"href":"https:\/\/confagricolturasalerno.it\/index.php?rest_route=\/wp\/v2\/pages\/160"}],"collection":[{"href":"https:\/\/confagricolturasalerno.it\/index.php?rest_route=\/wp\/v2\/pages"}],"about":[{"href":"https:\/\/confagricolturasalerno.it\/index.php?rest_route=\/wp\/v2\/types\/page"}],"author":[{"embeddable":true,"href":"https:\/\/confagricolturasalerno.it\/index.php?rest_route=\/wp\/v2\/users\/1"}],"replies":[{"embeddable":true,"href":"https:\/\/confagricolturasalerno.it\/index.php?rest_route=%2Fwp%2Fv2%2Fcomments&post=160"}],"version-history":[{"count":0,"href":"https:\/\/confagricolturasalerno.it\/index.php?rest_route=\/wp\/v2\/pages\/160\/revisions"}],"up":[{"embeddable":true,"href":"https:\/\/confagricolturasalerno.it\/index.php?rest_route=\/wp\/v2\/pages\/20"}],"wp:attachment":[{"href":"https:\/\/confagricolturasalerno.it\/index.php?rest_route=%2Fwp%2Fv2%2Fmedia&parent=160"}],"curies":[{"name":"wp","href":"https:\/\/api.w.org\/{rel}","templated":true}]}}