{"id":146,"date":"2010-12-06T12:53:39","date_gmt":"2010-12-06T11:53:39","guid":{"rendered":"http:\/\/solange.hopto.org\/wp\/?page_id=146"},"modified":"2023-05-24T15:30:01","modified_gmt":"2023-05-24T13:30:01","slug":"turismo-rurale","status":"publish","type":"page","link":"https:\/\/confagricolturasalerno.it\/?page_id=146","title":{"rendered":"TURISMO RURALE"},"content":{"rendered":"<p>Presidente:<br \/>\n<img loading=\"lazy\" class=\"alignnone size-thumbnail wp-image-530\" title=\"agriturist\" src=\"https:\/\/confagricolturasalerno.it\/wp-content\/uploads\/2010\/12\/imagesCA84Y7ZG-150x150.jpg\" alt=\"\" width=\"150\" height=\"150\" \/> Confagricoltura Salerno\u00a0cura gli aspetti organizzativi ed associativi,\u00a0 assiste e tutela le aziende agricole provinciali che\u00a0affiancano alla loro normale attivit\u00e0 agricola anche un&#8217;attivit\u00e0 di ricezione ed ospitalit\u00e0. Le aziende iscritte alla sezione sono anche socie di <a href=\"http:\/\/www.agriturist.it\">AGRITURIST<\/a>, la pi\u00f9 grande e pi\u00f9 antica organizzazione di aziende agrituristiche d&#8217;Italia.<\/p>\n","protected":false},"excerpt":{"rendered":"<p>Presidente: Confagricoltura Salerno\u00a0cura gli aspetti organizzativi ed associativi,\u00a0 assiste e tutela le aziende agricole provinciali che\u00a0affiancano alla loro normale attivit\u00e0 agricola anche un&#8217;attivit\u00e0 di ricezione ed ospitalit\u00e0. Le aziende iscritte alla sezione sono anche socie di AGRITURIST, la pi\u00f9 grande e pi\u00f9 antica organizzazione di aziende agrituristiche d&#8217;Italia.<\/p>\n","protected":false},"author":1,"featured_media":0,"parent":91,"menu_order":110,"comment_status":"closed","ping_status":"closed","template":"","meta":[],"_links":{"self":[{"href":"https:\/\/confagricolturasalerno.it\/index.php?rest_route=\/wp\/v2\/pages\/146"}],"collection":[{"href":"https:\/\/confagricolturasalerno.it\/index.php?rest_route=\/wp\/v2\/pages"}],"about":[{"href":"https:\/\/confagricolturasalerno.it\/index.php?rest_route=\/wp\/v2\/types\/page"}],"author":[{"embeddable":true,"href":"https:\/\/confagricolturasalerno.it\/index.php?rest_route=\/wp\/v2\/users\/1"}],"replies":[{"embeddable":true,"href":"https:\/\/confagricolturasalerno.it\/index.php?rest_route=%2Fwp%2Fv2%2Fcomments&post=146"}],"version-history":[{"count":1,"href":"https:\/\/confagricolturasalerno.it\/index.php?rest_route=\/wp\/v2\/pages\/146\/revisions"}],"predecessor-version":[{"id":2614,"href":"https:\/\/confagricolturasalerno.it\/index.php?rest_route=\/wp\/v2\/pages\/146\/revisions\/2614"}],"up":[{"embeddable":true,"href":"https:\/\/confagricolturasalerno.it\/index.php?rest_route=\/wp\/v2\/pages\/91"}],"wp:attachment":[{"href":"https:\/\/confagricolturasalerno.it\/index.php?rest_route=%2Fwp%2Fv2%2Fmedia&parent=146"}],"curies":[{"name":"wp","href":"https:\/\/api.w.org\/{rel}","templated":true}]}}